{"id":8975,"date":"2024-03-14T10:13:21","date_gmt":"2024-03-14T09:13:21","guid":{"rendered":"https:\/\/www.mdtel.es\/tech\/?page_id=8975"},"modified":"2024-03-14T10:13:50","modified_gmt":"2024-03-14T09:13:50","slug":"translation-by-chat","status":"publish","type":"page","link":"https:\/\/www.mdtel.es\/tech\/translation-by-chat\/","title":{"rendered":"Tenable"},"content":{"rendered":"\n[et_pb_section fb_built=\u00bb1&#8243; _builder_version=\u00bb4.22.2&#8243; _module_preset=\u00bbdefault\u00bb global_colors_info=\u00bb{}\u00bb][et_pb_row _builder_version=\u00bb4.22.2&#8243; _module_preset=\u00bbdefault\u00bb][et_pb_column _builder_version=\u00bb4.22.2&#8243; _module_preset=\u00bbdefault\u00bb type=\u00bb4_4&#8243;][et_pb_text _builder_version=\u00bb4.22.2&#8243; _module_preset=\u00bbdefault\u00bb hover_enabled=\u00bb0&#8243; sticky_enabled=\u00bb0&#8243; text_font=\u00bbDavid Libre||||||||\u00bb]<h2 style=\"text-align: center;\"><strong>Cada proyecto es un reto para nosotros, por eso nos gusta sacar el m\u00e1ximo rendimiento a tu empresa.<\/strong><\/h2>[\/et_pb_text][\/et_pb_column][\/et_pb_row][et_pb_row _builder_version=\u00bb4.22.2&#8243; _module_preset=\u00bbdefault\u00bb hover_enabled=\u00bb0&#8243; global_colors_info=\u00bb{}\u00bb sticky_enabled=\u00bb0&#8243;][et_pb_column type=\u00bb4_4&#8243; _builder_version=\u00bb4.22.2&#8243; _module_preset=\u00bbdefault\u00bb global_colors_info=\u00bb{}\u00bb][et_pb_image src=\u00bbhttps:\/\/www.mdtel.es\/tech\/wp-content\/uploads\/TenableOne.jpg\u00bb title_text=\u00bbTenableOne\u00bb _builder_version=\u00bb4.22.2&#8243; _module_preset=\u00bbdefault\u00bb hover_enabled=\u00bb0&#8243; global_colors_info=\u00bb{}\u00bb sticky_enabled=\u00bb0&#8243;][\/et_pb_image][\/et_pb_column][\/et_pb_row][et_pb_row _builder_version=\u00bb4.22.2&#8243; _module_preset=\u00bbdefault\u00bb global_colors_info=\u00bb{}\u00bb][et_pb_column type=\u00bb4_4&#8243; _builder_version=\u00bb4.22.2&#8243; _module_preset=\u00bbdefault\u00bb global_colors_info=\u00bb{}\u00bb][et_pb_text _builder_version=\u00bb4.22.2&#8243; _module_preset=\u00bbdefault\u00bb global_colors_info=\u00bb{}\u00bb]<h3 style=\"text-align: center;\">Si quieres informaci\u00f3n m\u00e1s detallada, d\u00e9janos tus datos y nos ponemos en contacto contigo en la menor brevedad posible<\/h3>\n<p>&nbsp;<\/p>[\/et_pb_text][et_pb_contact_form use_spam_service=\u00bbon\u00bb recaptcha_list=\u00bbhttps:\/\/wwwmdteles\/tech\/|https:\/\/wwwmdteles\/tech\/-0&#8243; email=\u00bbmarketing@mdtel.es\u00bb custom_message=\u00bbMensaje enviado desde el formulario de contacto de la web mdtel.es\/tech\/||et_pb_line_break_holder||Nombre: %%Name%%||et_pb_line_break_holder||Empresa: %%Empresa%%||et_pb_line_break_holder||Correo electr\u00f3nico: %%Email%%||et_pb_line_break_holder||Tel\u00e9fono: %%Telefono%%||et_pb_line_break_holder||Soluci\u00f3n o servicio: %%Solucion%%||et_pb_line_break_holder||N\u00ba de empleados: %%TipoEmpresa%%||et_pb_line_break_holder||Mensaje: %%Message%%||et_pb_line_break_holder||Consentimiento: %%Consentimiento%%\u00bb success_message=\u00bb\u00a1Gracias! Tu email ha sido enviado correctamente. En breve nos pondremos en contacto contigo\u00bb _builder_version=\u00bb4.22.2&#8243; _module_preset=\u00bbdefault\u00bb _unique_id=\u00bb99525a91-78ac-45d0-b5b2-55e24dc2eb54&#8243; form_field_custom_padding=\u00bb||||false|false\u00bb title_text_color=\u00bb#ffffff\u00bb title_font_size=\u00bb26px\u00bb captcha_font=\u00bb|300|||||||\u00bb captcha_text_color=\u00bb#242424&#8243; captcha_font_size=\u00bb12px\u00bb form_field_font=\u00bb|300|||||||\u00bb form_field_font_size=\u00bb12px\u00bb form_field_line_height=\u00bb1.3em\u00bb background_color=\u00bbRGBA(255,255,255,0)\u00bb custom_button=\u00bbon\u00bb button_text_size=\u00bb16px\u00bb button_text_color=\u00bb#FFFFFF\u00bb button_bg_color=\u00bb#144f9b\u00bb button_border_width=\u00bb0px\u00bb button_border_color=\u00bb#ffffff\u00bb button_border_radius=\u00bb30px\u00bb button_font=\u00bb|300|||||||\u00bb button_use_icon=\u00bboff\u00bb custom_padding=\u00bb19px|||||\u00bb hover_enabled=\u00bb0&#8243; border_radii=\u00bbon|11px|11px|11px|11px\u00bb global_colors_info=\u00bb{}\u00bb submit_button_text__hover_enabled=\u00bboff|desktop\u00bb button_text_color__hover_enabled=\u00bbon|hover\u00bb button_text_color__hover=\u00bb#144f9b\u00bb button_bg_color__hover_enabled=\u00bbon|desktop\u00bb button_bg_color__hover=\u00bb#FFFFFF\u00bb button_bg_enable_color__hover=\u00bbon\u00bb sticky_enabled=\u00bb0&#8243;][et_pb_contact_field field_id=\u00bbName\u00bb field_title=\u00bbNombre (*)\u00bb _builder_version=\u00bb4.19.0&#8243; form_field_background_color=\u00bb#ffffff\u00bb global_colors_info=\u00bb{}\u00bb button_text_size__hover_enabled=\u00bboff\u00bb button_one_text_size__hover_enabled=\u00bboff\u00bb button_two_text_size__hover_enabled=\u00bboff\u00bb button_text_color__hover_enabled=\u00bboff\u00bb button_one_text_color__hover_enabled=\u00bboff\u00bb button_two_text_color__hover_enabled=\u00bboff\u00bb button_border_width__hover_enabled=\u00bboff\u00bb button_one_border_width__hover_enabled=\u00bboff\u00bb button_two_border_width__hover_enabled=\u00bboff\u00bb button_border_color__hover_enabled=\u00bboff\u00bb button_one_border_color__hover_enabled=\u00bboff\u00bb button_two_border_color__hover_enabled=\u00bboff\u00bb button_border_radius__hover_enabled=\u00bboff\u00bb button_one_border_radius__hover_enabled=\u00bboff\u00bb button_two_border_radius__hover_enabled=\u00bboff\u00bb button_letter_spacing__hover_enabled=\u00bboff\u00bb button_one_letter_spacing__hover_enabled=\u00bboff\u00bb button_two_letter_spacing__hover_enabled=\u00bboff\u00bb button_bg_color__hover_enabled=\u00bboff\u00bb button_one_bg_color__hover_enabled=\u00bboff\u00bb button_two_bg_color__hover_enabled=\u00bboff\u00bb][\/et_pb_contact_field][et_pb_contact_field field_id=\u00bbEmpresa\u00bb field_title=\u00bbEmpresa (*)\u00bb _builder_version=\u00bb4.20.0&#8243; form_field_background_color=\u00bb#ffffff\u00bb global_colors_info=\u00bb{}\u00bb button_text_size__hover_enabled=\u00bboff\u00bb button_one_text_size__hover_enabled=\u00bboff\u00bb button_two_text_size__hover_enabled=\u00bboff\u00bb button_text_color__hover_enabled=\u00bboff\u00bb button_one_text_color__hover_enabled=\u00bboff\u00bb button_two_text_color__hover_enabled=\u00bboff\u00bb button_border_width__hover_enabled=\u00bboff\u00bb button_one_border_width__hover_enabled=\u00bboff\u00bb button_two_border_width__hover_enabled=\u00bboff\u00bb button_border_color__hover_enabled=\u00bboff\u00bb button_one_border_color__hover_enabled=\u00bboff\u00bb button_two_border_color__hover_enabled=\u00bboff\u00bb button_border_radius__hover_enabled=\u00bboff\u00bb button_one_border_radius__hover_enabled=\u00bboff\u00bb button_two_border_radius__hover_enabled=\u00bboff\u00bb button_letter_spacing__hover_enabled=\u00bboff\u00bb button_one_letter_spacing__hover_enabled=\u00bboff\u00bb button_two_letter_spacing__hover_enabled=\u00bboff\u00bb button_bg_color__hover_enabled=\u00bboff\u00bb button_one_bg_color__hover_enabled=\u00bboff\u00bb button_two_bg_color__hover_enabled=\u00bboff\u00bb][\/et_pb_contact_field][et_pb_contact_field field_id=\u00bbEmail\u00bb field_title=\u00bbCorreo electr\u00f3nico (*)\u00bb field_type=\u00bbemail\u00bb _builder_version=\u00bb4.19.0&#8243; form_field_background_color=\u00bb#ffffff\u00bb global_colors_info=\u00bb{}\u00bb button_text_size__hover_enabled=\u00bboff\u00bb button_one_text_size__hover_enabled=\u00bboff\u00bb button_two_text_size__hover_enabled=\u00bboff\u00bb button_text_color__hover_enabled=\u00bboff\u00bb button_one_text_color__hover_enabled=\u00bboff\u00bb button_two_text_color__hover_enabled=\u00bboff\u00bb button_border_width__hover_enabled=\u00bboff\u00bb button_one_border_width__hover_enabled=\u00bboff\u00bb button_two_border_width__hover_enabled=\u00bboff\u00bb button_border_color__hover_enabled=\u00bboff\u00bb button_one_border_color__hover_enabled=\u00bboff\u00bb button_two_border_color__hover_enabled=\u00bboff\u00bb button_border_radius__hover_enabled=\u00bboff\u00bb button_one_border_radius__hover_enabled=\u00bboff\u00bb button_two_border_radius__hover_enabled=\u00bboff\u00bb button_letter_spacing__hover_enabled=\u00bboff\u00bb button_one_letter_spacing__hover_enabled=\u00bboff\u00bb button_two_letter_spacing__hover_enabled=\u00bboff\u00bb button_bg_color__hover_enabled=\u00bboff\u00bb button_one_bg_color__hover_enabled=\u00bboff\u00bb button_two_bg_color__hover_enabled=\u00bboff\u00bb][\/et_pb_contact_field][et_pb_contact_field field_id=\u00bbTelefono\u00bb field_title=\u00bbTel\u00e9fono\u00bb min_length=\u00bb9&#8243; max_length=\u00bb9&#8243; allowed_symbols=\u00bbnumbers\u00bb required_mark=\u00bboff\u00bb _builder_version=\u00bb4.19.0&#8243; form_field_background_color=\u00bb#ffffff\u00bb global_colors_info=\u00bb{}\u00bb button_text_size__hover_enabled=\u00bboff\u00bb button_one_text_size__hover_enabled=\u00bboff\u00bb button_two_text_size__hover_enabled=\u00bboff\u00bb button_text_color__hover_enabled=\u00bboff\u00bb button_one_text_color__hover_enabled=\u00bboff\u00bb button_two_text_color__hover_enabled=\u00bboff\u00bb button_border_width__hover_enabled=\u00bboff\u00bb button_one_border_width__hover_enabled=\u00bboff\u00bb button_two_border_width__hover_enabled=\u00bboff\u00bb button_border_color__hover_enabled=\u00bboff\u00bb button_one_border_color__hover_enabled=\u00bboff\u00bb button_two_border_color__hover_enabled=\u00bboff\u00bb button_border_radius__hover_enabled=\u00bboff\u00bb button_one_border_radius__hover_enabled=\u00bboff\u00bb button_two_border_radius__hover_enabled=\u00bboff\u00bb button_letter_spacing__hover_enabled=\u00bboff\u00bb button_one_letter_spacing__hover_enabled=\u00bboff\u00bb button_two_letter_spacing__hover_enabled=\u00bboff\u00bb button_bg_color__hover_enabled=\u00bboff\u00bb button_one_bg_color__hover_enabled=\u00bboff\u00bb button_two_bg_color__hover_enabled=\u00bboff\u00bb][\/et_pb_contact_field][et_pb_contact_field field_id=\u00bbMessage\u00bb field_title=\u00bbMensaje (*)\u00bb field_type=\u00bbtext\u00bb fullwidth_field=\u00bbon\u00bb _builder_version=\u00bb4.19.0&#8243; form_field_background_color=\u00bb#ffffff\u00bb global_colors_info=\u00bb{}\u00bb button_text_size__hover_enabled=\u00bboff\u00bb button_one_text_size__hover_enabled=\u00bboff\u00bb button_two_text_size__hover_enabled=\u00bboff\u00bb button_text_color__hover_enabled=\u00bboff\u00bb button_one_text_color__hover_enabled=\u00bboff\u00bb button_two_text_color__hover_enabled=\u00bboff\u00bb button_border_width__hover_enabled=\u00bboff\u00bb button_one_border_width__hover_enabled=\u00bboff\u00bb button_two_border_width__hover_enabled=\u00bboff\u00bb button_border_color__hover_enabled=\u00bboff\u00bb button_one_border_color__hover_enabled=\u00bboff\u00bb button_two_border_color__hover_enabled=\u00bboff\u00bb button_border_radius__hover_enabled=\u00bboff\u00bb button_one_border_radius__hover_enabled=\u00bboff\u00bb button_two_border_radius__hover_enabled=\u00bboff\u00bb button_letter_spacing__hover_enabled=\u00bboff\u00bb button_one_letter_spacing__hover_enabled=\u00bboff\u00bb button_two_letter_spacing__hover_enabled=\u00bboff\u00bb button_bg_color__hover_enabled=\u00bboff\u00bb button_one_bg_color__hover_enabled=\u00bboff\u00bb button_two_bg_color__hover_enabled=\u00bboff\u00bb][\/et_pb_contact_field][et_pb_contact_field field_id=\u00bbConsentimiento\u00bb field_title=\u00bbConsentimiento\u00bb field_type=\u00bbcheckbox\u00bb checkbox_options=\u00bb%91{%22value%22:%22Acepto la pol\u00edtica de privacidad de la Ley de Protecci\u00f3n de Datos%22,%22checked%22:0,%22dragID%22:-1,%22link_url%22:%22https:\/\/www.mdtel.es\/tech\/empresa\/politica-de-privacidad\/%22}%93&#8243; fullwidth_field=\u00bbon\u00bb _builder_version=\u00bb4.19.1&#8243; _module_preset=\u00bbdefault\u00bb form_field_background_color=\u00bb#FFFFFF\u00bb form_field_text_color=\u00bb#4c4c4c\u00bb form_field_focus_background_color=\u00bb#FFFFFF\u00bb form_field_focus_text_color=\u00bb#FFFFFF\u00bb global_colors_info=\u00bb{}\u00bb][\/et_pb_contact_field][\/et_pb_contact_form][\/et_pb_column][\/et_pb_row][\/et_pb_section]\n","protected":false},"excerpt":{"rendered":"<p>Cada proyecto es un reto para nosotros, por eso nos gusta sacar el m\u00e1ximo rendimiento a tu empresa.Si quieres informaci\u00f3n m\u00e1s detallada, d\u00e9janos tus datos y nos ponemos en contacto contigo en la menor brevedad posible &nbsp;<\/p>\n","protected":false},"author":6,"featured_media":0,"parent":0,"menu_order":0,"comment_status":"closed","ping_status":"closed","template":"","meta":{"_et_pb_use_builder":"on","_et_pb_old_content":"","_et_gb_content_width":"","footnotes":""},"class_list":["post-8975","page","type-page","status-publish","hentry"],"yoast_head":"<!-- This site is optimized with the Yoast SEO plugin v24.3 - https:\/\/yoast.com\/wordpress\/plugins\/seo\/ -->\n<title>Tenable | mdtel<\/title>\n<meta name=\"robots\" content=\"index, follow, max-snippet:-1, max-image-preview:large, max-video-preview:-1\" \/>\n<link rel=\"canonical\" href=\"https:\/\/www.mdtel.es\/tech\/translation-by-chat\/\" \/>\n<meta property=\"og:locale\" content=\"es_ES\" \/>\n<meta property=\"og:type\" content=\"article\" \/>\n<meta property=\"og:title\" content=\"Tenable | mdtel\" \/>\n<meta property=\"og:description\" content=\"Cada proyecto es un reto para nosotros, por eso nos gusta sacar el m\u00e1ximo rendimiento a tu empresa.Si quieres informaci\u00f3n m\u00e1s detallada, d\u00e9janos tus datos y nos ponemos en contacto contigo en la menor brevedad posible &nbsp;\" \/>\n<meta property=\"og:url\" content=\"https:\/\/www.mdtel.es\/tech\/translation-by-chat\/\" \/>\n<meta property=\"og:site_name\" content=\"mdtel\" \/>\n<meta property=\"article:modified_time\" content=\"2024-03-14T09:13:50+00:00\" \/>\n<meta name=\"twitter:card\" content=\"summary_large_image\" \/>\n<meta name=\"twitter:label1\" content=\"Tiempo de lectura\" \/>\n\t<meta name=\"twitter:data1\" content=\"1 minuto\" \/>\n<script type=\"application\/ld+json\" class=\"yoast-schema-graph\">{\"@context\":\"https:\/\/schema.org\",\"@graph\":[{\"@type\":\"WebPage\",\"@id\":\"https:\/\/www.mdtel.es\/tech\/translation-by-chat\/\",\"url\":\"https:\/\/www.mdtel.es\/tech\/translation-by-chat\/\",\"name\":\"Tenable | mdtel\",\"isPartOf\":{\"@id\":\"https:\/\/www.mdtel.es\/tech\/#website\"},\"datePublished\":\"2024-03-14T09:13:21+00:00\",\"dateModified\":\"2024-03-14T09:13:50+00:00\",\"inLanguage\":\"es\",\"potentialAction\":[{\"@type\":\"ReadAction\",\"target\":[\"https:\/\/www.mdtel.es\/tech\/translation-by-chat\/\"]}]},{\"@type\":\"WebSite\",\"@id\":\"https:\/\/www.mdtel.es\/tech\/#website\",\"url\":\"https:\/\/www.mdtel.es\/tech\/\",\"name\":\"mdtel\",\"description\":\"Telecomunicaciones para empresas\",\"publisher\":{\"@id\":\"https:\/\/www.mdtel.es\/tech\/#organization\"},\"alternateName\":\"Telecomunicaciones para empresas\",\"potentialAction\":[{\"@type\":\"SearchAction\",\"target\":{\"@type\":\"EntryPoint\",\"urlTemplate\":\"https:\/\/www.mdtel.es\/tech\/?s={search_term_string}\"},\"query-input\":{\"@type\":\"PropertyValueSpecification\",\"valueRequired\":true,\"valueName\":\"search_term_string\"}}],\"inLanguage\":\"es\"},{\"@type\":\"Organization\",\"@id\":\"https:\/\/www.mdtel.es\/tech\/#organization\",\"name\":\"mdtel\",\"alternateName\":\"Telecomunicaciones para empresas\",\"url\":\"https:\/\/www.mdtel.es\/tech\/\",\"logo\":{\"@type\":\"ImageObject\",\"inLanguage\":\"es\",\"@id\":\"https:\/\/www.mdtel.es\/tech\/#\/schema\/logo\/image\/\",\"url\":\"https:\/\/www.mdtel.es\/tech\/wp-content\/uploads\/2022\/11\/logo-mdtel.png\",\"contentUrl\":\"https:\/\/www.mdtel.es\/tech\/wp-content\/uploads\/2022\/11\/logo-mdtel.png\",\"width\":177,\"height\":83,\"caption\":\"mdtel\"},\"image\":{\"@id\":\"https:\/\/www.mdtel.es\/tech\/#\/schema\/logo\/image\/\"},\"sameAs\":[\"https:\/\/es.linkedin.com\/company\/mdtelsa\"]}]}<\/script>\n<!-- \/ Yoast SEO plugin. -->","yoast_head_json":{"title":"Tenable | mdtel","robots":{"index":"index","follow":"follow","max-snippet":"max-snippet:-1","max-image-preview":"max-image-preview:large","max-video-preview":"max-video-preview:-1"},"canonical":"https:\/\/www.mdtel.es\/tech\/translation-by-chat\/","og_locale":"es_ES","og_type":"article","og_title":"Tenable | mdtel","og_description":"Cada proyecto es un reto para nosotros, por eso nos gusta sacar el m\u00e1ximo rendimiento a tu empresa.Si quieres informaci\u00f3n m\u00e1s detallada, d\u00e9janos tus datos y nos ponemos en contacto contigo en la menor brevedad posible &nbsp;","og_url":"https:\/\/www.mdtel.es\/tech\/translation-by-chat\/","og_site_name":"mdtel","article_modified_time":"2024-03-14T09:13:50+00:00","twitter_card":"summary_large_image","twitter_misc":{"Tiempo de lectura":"1 minuto"},"schema":{"@context":"https:\/\/schema.org","@graph":[{"@type":"WebPage","@id":"https:\/\/www.mdtel.es\/tech\/translation-by-chat\/","url":"https:\/\/www.mdtel.es\/tech\/translation-by-chat\/","name":"Tenable | mdtel","isPartOf":{"@id":"https:\/\/www.mdtel.es\/tech\/#website"},"datePublished":"2024-03-14T09:13:21+00:00","dateModified":"2024-03-14T09:13:50+00:00","inLanguage":"es","potentialAction":[{"@type":"ReadAction","target":["https:\/\/www.mdtel.es\/tech\/translation-by-chat\/"]}]},{"@type":"WebSite","@id":"https:\/\/www.mdtel.es\/tech\/#website","url":"https:\/\/www.mdtel.es\/tech\/","name":"mdtel","description":"Telecomunicaciones para empresas","publisher":{"@id":"https:\/\/www.mdtel.es\/tech\/#organization"},"alternateName":"Telecomunicaciones para empresas","potentialAction":[{"@type":"SearchAction","target":{"@type":"EntryPoint","urlTemplate":"https:\/\/www.mdtel.es\/tech\/?s={search_term_string}"},"query-input":{"@type":"PropertyValueSpecification","valueRequired":true,"valueName":"search_term_string"}}],"inLanguage":"es"},{"@type":"Organization","@id":"https:\/\/www.mdtel.es\/tech\/#organization","name":"mdtel","alternateName":"Telecomunicaciones para empresas","url":"https:\/\/www.mdtel.es\/tech\/","logo":{"@type":"ImageObject","inLanguage":"es","@id":"https:\/\/www.mdtel.es\/tech\/#\/schema\/logo\/image\/","url":"https:\/\/www.mdtel.es\/tech\/wp-content\/uploads\/2022\/11\/logo-mdtel.png","contentUrl":"https:\/\/www.mdtel.es\/tech\/wp-content\/uploads\/2022\/11\/logo-mdtel.png","width":177,"height":83,"caption":"mdtel"},"image":{"@id":"https:\/\/www.mdtel.es\/tech\/#\/schema\/logo\/image\/"},"sameAs":["https:\/\/es.linkedin.com\/company\/mdtelsa"]}]}},"_links":{"self":[{"href":"https:\/\/www.mdtel.es\/tech\/wp-json\/wp\/v2\/pages\/8975","targetHints":{"allow":["GET"]}}],"collection":[{"href":"https:\/\/www.mdtel.es\/tech\/wp-json\/wp\/v2\/pages"}],"about":[{"href":"https:\/\/www.mdtel.es\/tech\/wp-json\/wp\/v2\/types\/page"}],"author":[{"embeddable":true,"href":"https:\/\/www.mdtel.es\/tech\/wp-json\/wp\/v2\/users\/6"}],"replies":[{"embeddable":true,"href":"https:\/\/www.mdtel.es\/tech\/wp-json\/wp\/v2\/comments?post=8975"}],"version-history":[{"count":11,"href":"https:\/\/www.mdtel.es\/tech\/wp-json\/wp\/v2\/pages\/8975\/revisions"}],"predecessor-version":[{"id":9200,"href":"https:\/\/www.mdtel.es\/tech\/wp-json\/wp\/v2\/pages\/8975\/revisions\/9200"}],"wp:attachment":[{"href":"https:\/\/www.mdtel.es\/tech\/wp-json\/wp\/v2\/media?parent=8975"}],"curies":[{"name":"wp","href":"https:\/\/api.w.org\/{rel}","templated":true}]}}